{"id":398,"date":"2024-07-03T09:50:20","date_gmt":"2024-07-03T07:50:20","guid":{"rendered":"https:\/\/bodenleger-goede.de\/?page_id=398"},"modified":"2024-09-01T18:33:28","modified_gmt":"2024-09-01T16:33:28","slug":"elementor-398","status":"publish","type":"page","link":"https:\/\/bodenleger-goede.de\/?page_id=398","title":{"rendered":"PVC-B\u00f6den"},"content":{"rendered":"\t\t<div data-elementor-type=\"wp-page\" data-elementor-id=\"398\" class=\"elementor elementor-398\">\n\t\t\t\t<div class=\"elementor-element elementor-element-2e269d3 e-flex e-con-boxed e-con e-parent\" data-id=\"2e269d3\" data-element_type=\"container\" data-e-type=\"container\">\n\t\t\t\t\t<div class=\"e-con-inner\">\n\t\t\t\t<div class=\"elementor-element elementor-element-1c84989 elementor-widget elementor-widget-heading\" data-id=\"1c84989\" data-element_type=\"widget\" data-e-type=\"widget\" data-widget_type=\"heading.default\">\n\t\t\t\t<div class=\"elementor-widget-container\">\n\t\t\t\t\t<h2 class=\"elementor-heading-title elementor-size-default\">PVC-B\u00f6den<\/h2>\t\t\t\t<\/div>\n\t\t\t\t<\/div>\n\t\t\t\t\t<\/div>\n\t\t\t\t<\/div>\n\t\t<div class=\"elementor-element elementor-element-54176c6 e-flex e-con-boxed e-con e-parent\" data-id=\"54176c6\" data-element_type=\"container\" data-e-type=\"container\">\n\t\t\t\t\t<div class=\"e-con-inner\">\n\t\t\t\t<div class=\"elementor-element elementor-element-c95b274 elementor-widget elementor-widget-text-editor\" data-id=\"c95b274\" data-element_type=\"widget\" data-e-type=\"widget\" data-widget_type=\"text-editor.default\">\n\t\t\t\t<div class=\"elementor-widget-container\">\n\t\t\t\t\t\t\t\t\t<p>PVC-Bodenbel\u00e4ge sind eine hervorragende Wahl f\u00fcr stark beanspruchte Bereiche, da sie sowohl widerstandsf\u00e4hig gegen\u00fcber Feuchtigkeit als auch \u00e4u\u00dferst strapazierf\u00e4hig gegen Abnutzung sind. Dank ihrer Vielseitigkeit in Design und Struktur lassen sich unterschiedlichste \u00e4sthetische Konzepte umsetzen. Von modernen Holzoptiken bis hin zu Fliesen- oder Parkettimitaten bieten PVC-Bel\u00e4ge vielf\u00e4ltige Gestaltungsm\u00f6glichkeiten f\u00fcr individuelle Bodenl\u00f6sungen.<\/p><p>Unsere Firma verf\u00fcgt \u00fcber langj\u00e4hrige Erfahrung im Verlegen von PVC-B\u00f6den und bietet eine umfangreiche Palette an hochwertigen Bel\u00e4gen. Der Verlegeservice wird von qualifizierten Fachkr\u00e4ften durchgef\u00fchrt, die durch ihre Expertise in der Lage sind, effiziente und pr\u00e4zise Arbeit zu gew\u00e4hrleisten. Dies f\u00fchrt zu langlebigen Ergebnissen und einer optisch ansprechenden Ausf\u00fchrung.<\/p><p>Ein wesentlicher Faktor f\u00fcr die erfolgreiche Verlegung von PVC-B\u00f6den ist die optimale Vorbereitung des Untergrunds. Dieser muss eben und sauber sein, um eine gleichm\u00e4\u00dfige Verlegung zu gew\u00e4hrleisten. Ebenso spielt die Wahl des geeigneten Klebstoffs eine entscheidende Rolle. Besonders bei Fu\u00dfbodenheizungen sind spezifische Anforderungen zu beachten, die eine fachm\u00e4nnische Installation unverzichtbar machen.<\/p><p>Die Kosten f\u00fcr die Verlegung setzen sich in der Regel aus verschiedenen Faktoren zusammen, darunter Anfahrtspauschalen, Arbeitsaufwand, Quadratmeterpreise sowie eventuell anfallende Zusatzkosten f\u00fcr spezielle Anforderungen oder Materialien.<\/p>\t\t\t\t\t\t\t\t<\/div>\n\t\t\t\t<\/div>\n\t\t\t\t\t<\/div>\n\t\t\t\t<\/div>\n\t\t<div class=\"elementor-element elementor-element-17af7d6 e-flex e-con-boxed e-con e-parent\" data-id=\"17af7d6\" data-element_type=\"container\" data-e-type=\"container\">\n\t\t\t\t\t<div class=\"e-con-inner\">\n\t\t\t\t<div class=\"elementor-element elementor-element-ba55bd3 elementor-widget elementor-widget-button\" data-id=\"ba55bd3\" data-element_type=\"widget\" data-e-type=\"widget\" data-widget_type=\"button.default\">\n\t\t\t\t<div class=\"elementor-widget-container\">\n\t\t\t\t\t\t\t\t\t<div class=\"elementor-button-wrapper\">\n\t\t\t\t\t<a class=\"elementor-button elementor-button-link elementor-size-sm\" href=\"https:\/\/bodenleger-goede.de\/\">\n\t\t\t\t\t\t<span class=\"elementor-button-content-wrapper\">\n\t\t\t\t\t\t\t\t\t<span class=\"elementor-button-text\">zur\u00fcck<\/span>\n\t\t\t\t\t<\/span>\n\t\t\t\t\t<\/a>\n\t\t\t\t<\/div>\n\t\t\t\t\t\t\t\t<\/div>\n\t\t\t\t<\/div>\n\t\t\t\t\t<\/div>\n\t\t\t\t<\/div>\n\t\t\t\t<\/div>\n\t\t","protected":false},"excerpt":{"rendered":"<p>PVC-B\u00f6den PVC-Bodenbel\u00e4ge sind eine hervorragende Wahl f\u00fcr stark beanspruchte Bereiche, da sie sowohl widerstandsf\u00e4hig gegen\u00fcber Feuchtigkeit als auch \u00e4u\u00dferst strapazierf\u00e4hig gegen Abnutzung sind. Dank ihrer Vielseitigkeit in Design und Struktur lassen sich unterschiedlichste \u00e4sthetische Konzepte umsetzen. Von modernen Holzoptiken bis hin zu Fliesen- oder Parkettimitaten bieten PVC-Bel\u00e4ge vielf\u00e4ltige Gestaltungsm\u00f6glichkeiten f\u00fcr individuelle Bodenl\u00f6sungen. Unsere Firma verf\u00fcgt [&hellip;]<\/p>\n","protected":false},"author":1,"featured_media":0,"parent":0,"menu_order":0,"comment_status":"closed","ping_status":"closed","template":"elementor_canvas","meta":{"footnotes":""},"class_list":["post-398","page","type-page","status-publish","hentry"],"_links":{"self":[{"href":"https:\/\/bodenleger-goede.de\/index.php?rest_route=\/wp\/v2\/pages\/398","targetHints":{"allow":["GET"]}}],"collection":[{"href":"https:\/\/bodenleger-goede.de\/index.php?rest_route=\/wp\/v2\/pages"}],"about":[{"href":"https:\/\/bodenleger-goede.de\/index.php?rest_route=\/wp\/v2\/types\/page"}],"author":[{"embeddable":true,"href":"https:\/\/bodenleger-goede.de\/index.php?rest_route=\/wp\/v2\/users\/1"}],"replies":[{"embeddable":true,"href":"https:\/\/bodenleger-goede.de\/index.php?rest_route=%2Fwp%2Fv2%2Fcomments&post=398"}],"version-history":[{"count":26,"href":"https:\/\/bodenleger-goede.de\/index.php?rest_route=\/wp\/v2\/pages\/398\/revisions"}],"predecessor-version":[{"id":555,"href":"https:\/\/bodenleger-goede.de\/index.php?rest_route=\/wp\/v2\/pages\/398\/revisions\/555"}],"wp:attachment":[{"href":"https:\/\/bodenleger-goede.de\/index.php?rest_route=%2Fwp%2Fv2%2Fmedia&parent=398"}],"curies":[{"name":"wp","href":"https:\/\/api.w.org\/{rel}","templated":true}]}}