{"id":559,"date":"2024-09-01T18:38:27","date_gmt":"2024-09-01T16:38:27","guid":{"rendered":"https:\/\/bodenleger-goede.de\/?page_id=559"},"modified":"2024-09-01T18:46:06","modified_gmt":"2024-09-01T16:46:06","slug":"designbelag","status":"publish","type":"page","link":"https:\/\/bodenleger-goede.de\/?page_id=559","title":{"rendered":"Designbelag"},"content":{"rendered":"\t\t<div data-elementor-type=\"wp-page\" data-elementor-id=\"559\" class=\"elementor elementor-559\">\n\t\t\t\t<div class=\"elementor-element elementor-element-cc90ea0 e-flex e-con-boxed e-con e-parent\" data-id=\"cc90ea0\" data-element_type=\"container\" data-e-type=\"container\">\n\t\t\t\t\t<div class=\"e-con-inner\">\n\t\t\t\t<div class=\"elementor-element elementor-element-b9f4ce2 elementor-widget elementor-widget-text-editor\" data-id=\"b9f4ce2\" data-element_type=\"widget\" data-e-type=\"widget\" data-widget_type=\"text-editor.default\">\n\t\t\t\t<div class=\"elementor-widget-container\">\n\t\t\t\t\t\t\t\t\t<p><strong>Verlegung von Vinylbodenbel\u00e4gen (Designbel\u00e4gen)<\/strong><\/p><p>Vinylbodenbel\u00e4ge, auch als Designbel\u00e4ge bekannt, sind \u00e4u\u00dferst vielseitig und zeichnen sich durch eine breite Palette an Designs, Qualit\u00e4tsstufen und Oberfl\u00e4chenstrukturen aus. Diese Bel\u00e4ge bieten optisch eine beeindruckende Vielfalt, die von klassischen Holz-, Fliesen- und Steinnachbildungen bis hin zu kreativen Mosaiken und modernen Fantasiedekoren reicht. Die Vielseitigkeit von Vinyl macht es zu einer bevorzugten Wahl sowohl im Wohn- als auch im gewerblichen Bereich.<\/p><p>In der Praxis k\u00f6nnen Vinylbel\u00e4ge auf unterschiedliche Weise verlegt werden, je nach den baulichen Anforderungen und dem gew\u00fcnschten Verlegesystem. Zu den g\u00e4ngigsten Verlegearten z\u00e4hlen das Klick-System, bei dem die Dielen einfach ineinander geklickt werden, das Klebesystem, bei dem die Bel\u00e4ge auf den Untergrund aufgeklebt werden, sowie selbstklebende Vinylvarianten, die eine besonders schnelle und einfache Verlegung erm\u00f6glichen. Diese Flexibilit\u00e4t in der Verlegung macht Vinyl zu einer praktischen L\u00f6sung f\u00fcr verschiedenste Anwendungsbereiche.<\/p><p>Ein wesentlicher Vorteil von Vinylbodenbel\u00e4gen gegen\u00fcber traditionellen Materialien wie Parkett oder Fliesen ist die einfache Handhabung bei der Verlegung. Vinyl ist leichter, kann schneller und kosteng\u00fcnstiger verlegt werden und verursacht weniger Schmutz, was insbesondere bei Renovierungsprojekten von Vorteil ist. Durch den geringeren Arbeitsaufwand und die Minimierung von Staub- und L\u00e4rmentwicklung w\u00e4hrend der Verlegung ist Vinyl ideal f\u00fcr Innenr\u00e4ume, die schnell wieder genutzt werden m\u00fcssen.<\/p><p>Neben seiner optischen Vielfalt und leichten Verlegbarkeit \u00fcberzeugt Vinyl durch seine technischen Eigenschaften. Vinylb\u00f6den sind \u00e4u\u00dferst strapazierf\u00e4hig, widerstandsf\u00e4hig gegen\u00fcber Feuchtigkeit und pflegeleicht. Zudem weisen sie eine fu\u00dfwarme Oberfl\u00e4che auf, die dem Raum eine behagliche Atmosph\u00e4re verleiht. Diese Eigenschaften machen Vinyl nicht nur zu einer optisch ansprechenden, sondern auch funktionalen Bodenl\u00f6sung, die sowohl im privaten Wohnbereich als auch in stark frequentierten gewerblichen R\u00e4umen eingesetzt werden kann.<\/p><p>Zus\u00e4tzlich ist Vinyl durch seine Langlebigkeit und Widerstandsf\u00e4higkeit eine wirtschaftliche L\u00f6sung. Seine pflegeleichten Eigenschaften reduzieren langfristig den Wartungsaufwand, w\u00e4hrend die robuste Oberfl\u00e4chenstruktur f\u00fcr eine hohe Lebensdauer sorgt. Durch den Einsatz von Vinyl kann also eine Balance zwischen \u00c4sthetik, Komfort und Wirtschaftlichkeit erreicht werden, die es zu einer besonders attraktiven Bodenl\u00f6sung f\u00fcr moderne Raumgestaltungen macht.<\/p>\t\t\t\t\t\t\t\t<\/div>\n\t\t\t\t<\/div>\n\t\t\t\t\t<\/div>\n\t\t\t\t<\/div>\n\t\t<div class=\"elementor-element elementor-element-c88e8fd e-flex e-con-boxed e-con e-parent\" data-id=\"c88e8fd\" data-element_type=\"container\" data-e-type=\"container\">\n\t\t\t\t\t<div class=\"e-con-inner\">\n\t\t\t\t<div class=\"elementor-element elementor-element-5bd5ea6 elementor-widget elementor-widget-button\" data-id=\"5bd5ea6\" data-element_type=\"widget\" data-e-type=\"widget\" data-widget_type=\"button.default\">\n\t\t\t\t<div class=\"elementor-widget-container\">\n\t\t\t\t\t\t\t\t\t<div class=\"elementor-button-wrapper\">\n\t\t\t\t\t<a class=\"elementor-button elementor-button-link elementor-size-sm\" href=\"https:\/\/bodenleger-goede.de\/\">\n\t\t\t\t\t\t<span class=\"elementor-button-content-wrapper\">\n\t\t\t\t\t\t\t\t\t<span class=\"elementor-button-text\">zur\u00fcck<\/span>\n\t\t\t\t\t<\/span>\n\t\t\t\t\t<\/a>\n\t\t\t\t<\/div>\n\t\t\t\t\t\t\t\t<\/div>\n\t\t\t\t<\/div>\n\t\t\t\t\t<\/div>\n\t\t\t\t<\/div>\n\t\t\t\t<\/div>\n\t\t","protected":false},"excerpt":{"rendered":"<p>Verlegung von Vinylbodenbel\u00e4gen (Designbel\u00e4gen) Vinylbodenbel\u00e4ge, auch als Designbel\u00e4ge bekannt, sind \u00e4u\u00dferst vielseitig und zeichnen sich durch eine breite Palette an Designs, Qualit\u00e4tsstufen und Oberfl\u00e4chenstrukturen aus. Diese Bel\u00e4ge bieten optisch eine beeindruckende Vielfalt, die von klassischen Holz-, Fliesen- und Steinnachbildungen bis hin zu kreativen Mosaiken und modernen Fantasiedekoren reicht. Die Vielseitigkeit von Vinyl macht es zu [&hellip;]<\/p>\n","protected":false},"author":1,"featured_media":0,"parent":0,"menu_order":0,"comment_status":"closed","ping_status":"closed","template":"","meta":{"footnotes":""},"class_list":["post-559","page","type-page","status-publish","hentry"],"_links":{"self":[{"href":"https:\/\/bodenleger-goede.de\/index.php?rest_route=\/wp\/v2\/pages\/559","targetHints":{"allow":["GET"]}}],"collection":[{"href":"https:\/\/bodenleger-goede.de\/index.php?rest_route=\/wp\/v2\/pages"}],"about":[{"href":"https:\/\/bodenleger-goede.de\/index.php?rest_route=\/wp\/v2\/types\/page"}],"author":[{"embeddable":true,"href":"https:\/\/bodenleger-goede.de\/index.php?rest_route=\/wp\/v2\/users\/1"}],"replies":[{"embeddable":true,"href":"https:\/\/bodenleger-goede.de\/index.php?rest_route=%2Fwp%2Fv2%2Fcomments&post=559"}],"version-history":[{"count":7,"href":"https:\/\/bodenleger-goede.de\/index.php?rest_route=\/wp\/v2\/pages\/559\/revisions"}],"predecessor-version":[{"id":569,"href":"https:\/\/bodenleger-goede.de\/index.php?rest_route=\/wp\/v2\/pages\/559\/revisions\/569"}],"wp:attachment":[{"href":"https:\/\/bodenleger-goede.de\/index.php?rest_route=%2Fwp%2Fv2%2Fmedia&parent=559"}],"curies":[{"name":"wp","href":"https:\/\/api.w.org\/{rel}","templated":true}]}}